{"id":307,"date":"2023-02-15T20:39:55","date_gmt":"2023-02-15T20:39:55","guid":{"rendered":"http:\/\/yellowswing.fr\/?page_id=307"},"modified":"2026-04-02T20:22:36","modified_gmt":"2026-04-02T20:22:36","slug":"evenements-2","status":"publish","type":"page","link":"https:\/\/yellowswing.fr\/?page_id=307","title":{"rendered":"Nos \u00c9v\u00e9nements"},"content":{"rendered":"\n<h3><img alt=\"\ud83e\udd1d\" src=\"https:\/\/fonts.gstatic.com\/s\/e\/notoemoji\/16.0\/1f91d\/32.png\"> On a besoin de vous !<\/h3>\n\n\n\n<p><strong>L\u2019asso tourne gr\u00e2ce \u00e0 vous, et chaque coup de main compte ! <\/strong><\/p>\n\n\n\n<p><img src=\"https:\/\/fonts.gstatic.com\/s\/e\/notoemoji\/16.0\/1f389\/32.png\" alt=\"\ud83c\udf89\"> <strong>Pas d&rsquo;engagement au long terme, <\/strong>rejoignez l&rsquo; \u00e9quipe \u00ab\u00a0\u00e9v\u00e8nements\u00a0\u00bb pour participer <strong>de mani\u00e8re ponctuelle <\/strong>\u00e0 l\u2019organisation d&rsquo;un stage, d&rsquo;une soir\u00e9e ou d&rsquo;un concert cette ann\u00e9e -&gt; all\u00f4 Vivien <a href=\"mailto:yellowswing26@gmail.com\">yellowswing26<\/a>@yellowswing26<\/p>\n\n\n\n<figure class=\"wp-container-2 wp-block-gallery-1 wp-block-gallery has-nested-images columns-default is-cropped\">\n<figure class=\"wp-block-image size-large\"><img loading=\"lazy\" width=\"725\" height=\"1024\" data-id=\"488\"  src=\"https:\/\/yellowswing.fr\/wp-content\/uploads\/2026\/03\/IMG_20260317_104009-725x1024.jpg\" alt=\"\" class=\"wp-image-488\" srcset=\"https:\/\/yellowswing.fr\/wp-content\/uploads\/2026\/03\/IMG_20260317_104009-725x1024.jpg 725w, https:\/\/yellowswing.fr\/wp-content\/uploads\/2026\/03\/IMG_20260317_104009-212x300.jpg 212w, https:\/\/yellowswing.fr\/wp-content\/uploads\/2026\/03\/IMG_20260317_104009-768x1085.jpg 768w, https:\/\/yellowswing.fr\/wp-content\/uploads\/2026\/03\/IMG_20260317_104009.jpg 1080w\" sizes=\"(max-width: 725px) 100vw, 725px\" \/><\/figure>\n<\/figure>\n\n\n\n<p>\ud83d\udcc5 dimanche 5 avril 10:30 &gt; 21:00 <\/p>\n\n\n\n<p>\ud83d\udccdCrest&rsquo;actif, 26400 Crest <\/p>\n\n\n\n<p>Rendez-vous le 5 Avril \ud83c\udf1e dans la salle du bas \u00e0 Crest&rsquo;actif \ud83e\udd73 pour des ateliers et un concert Swing avec BECKY &amp; THE POP-UP OCHESTRA en live \ud83c\udfb7 \ud83d\udc83\ud83d\udd7a<\/p>\n\n\n\n<p>Ateliers Lindy Hop avec \u00c9milie Blache : <\/p>\n\n\n\n<p>\ud83d\udc49 10h30 D\u00e9butant.es<\/p>\n\n\n\n<p> \ud83d\udc49 11h30 Solo Jazz<\/p>\n\n\n\n<p> \ud83d\udc49 13h30 Interm\u00e9daires<\/p>\n\n\n\n<p>  \ud83d\udc49 14h30 Balboa <\/p>\n\n\n\n<p>  \ud83d\udc49 17h00  Initiation au Lindy Hop<\/p>\n\n\n\n<p>\ud83c\udfba 17h30 Concert live<\/p>\n\n\n\n<p>\ud83c\udfb6 19h30 Playlist jusqu&rsquo;\u00e0 20h30<\/p>\n\n\n\n<p>\ud83e\udd64Buvette \u00e0 prix libre pr\u00e9vue sur place (alcool interdit) <\/p>\n\n\n\n<p>\ud83e\udd57 Buffet partag\u00e9 \u00e0 partir de 17h30<\/p>\n\n\n\n<p> \ud83d\udcb0Ateliers 10\u20ac\/12\u20ac &#8211; Concert 14\u20ac\/17\u20ac<\/p>\n\n\n\n<p>\ud83d\udc49 <strong>Inscription sur helloasso : https:\/\/tinyurl.com\/yellowswing  <\/strong><\/p>\n\n\n\n<p>A tr\u00e8s vite !  <\/p>\n\n\n\n<h2><strong>Pass\u00e9s<\/strong><\/h2>\n\n\n\n<h2 class=\"has-black-color has-text-color\"><strong>Concert Bum Betty \u00e0 la Poule \u00e0 facettes<\/strong> &#8211; 18 Aout 2025<\/h2>\n\n\n\n<p>BUM BETTY d\u00e9barque avec son \u00e9nergie festive, vintage et rock n\u2019roll !<\/p>\n\n\n\n<p>\u00ab Une \u00e9nergie sc\u00e9nique g\u00e9n\u00e9reuse, juste ce qu\u2019il faut de gouaille, un style pulpeux et distingu\u00e9 qui en jette, Bett Betty a de l\u2019aplomb et une voix qui en impose. \u00bb<\/p>\n\n\n\n<p>Initation gratuite au Lindy Hop \u00e0 19h avec Yellow Swing et Emma<\/p>\n\n\n\n<p>Concert \u00e0 20h00<\/p>\n\n\n\n<p class=\"has-medium-font-size\"><strong>Stage avec Nathaniel &amp; M\u00e9lodie<\/strong> &#8211; 17 mai 2025<\/p>\n\n\n\n<p>Merci d&rsquo;\u00eatre venus si nombreux ! C&rsquo;\u00e9tait super \ud83d\ude09<\/p>\n\n\n\n<figure class=\"wp-block-image size-large\"><img loading=\"lazy\" width=\"1024\" height=\"576\" src=\"https:\/\/yellowswing.fr\/wp-content\/uploads\/2025\/04\/Stage_17_mai_banniere-1024x576.jpg\" alt=\"\" class=\"wp-image-413\" srcset=\"https:\/\/yellowswing.fr\/wp-content\/uploads\/2025\/04\/Stage_17_mai_banniere-1024x576.jpg 1024w, https:\/\/yellowswing.fr\/wp-content\/uploads\/2025\/04\/Stage_17_mai_banniere-300x169.jpg 300w, https:\/\/yellowswing.fr\/wp-content\/uploads\/2025\/04\/Stage_17_mai_banniere-768x432.jpg 768w, https:\/\/yellowswing.fr\/wp-content\/uploads\/2025\/04\/Stage_17_mai_banniere.jpg 1280w\" sizes=\"(max-width: 706px) 89vw, (max-width: 767px) 82vw, 740px\" \/><\/figure>\n\n\n\n<div class=\"wp-container-4 wp-block-group\"><div class=\"wp-block-group__inner-container\">\n<div class=\"wp-container-3 is-horizontal is-content-justification-center wp-block-buttons\"><\/div>\n<\/div><\/div>\n\n\n\n<div class=\"wp-container-9 wp-block-columns\">\n<div class=\"wp-container-5 wp-block-column\">\n<h3><strong>Les profs<\/strong><\/h3>\n\n\n\n<p class=\"has-text-align-left\">Nathaniel et M\u00e9lodie ont commenc\u00e9 \u00e0 danser et \u00e0 enseigner ensemble \u00e0 Paris, puis en r\u00e9sidence \u00e0 Gen\u00e8ve depuis 2022. <\/p>\n\n\n\n<p class=\"has-text-align-left\">Leur objectif principal est le d\u00e9veloppement de la sc\u00e8ne swing locale, au moyen des cours hebdomadaires, des stages et des soir\u00e9es. Ils sont invit\u00e9s \u00e9galement ailleurs en France et \u00e0 l\u2019\u00e9tranger pour enseigner.<\/p>\n\n\n\n<p class=\"has-text-align-left\">Pour eux, la danse swing est un vecteur d&rsquo;\u00e9mancipation visant \u00e0 r\u00e9concilier l\u2019\u00e2me et la pr\u00e9cision.<\/p>\n<\/div>\n\n\n\n<div class=\"wp-container-8 wp-block-column\">\n<h3><strong>Au programme<\/strong><\/h3>\n\n\n\n<p>14H00 &#8211; 15H30 : Initiation gratuite ! Donn\u00e9e par d&rsquo;autres profs que M\u00e9lodie et Nathaniel.<\/p>\n\n\n\n<p>14H00 &#8211; 15H30 : Lindy hop d\u00e9butant\/inter<br>16H00 &#8211; 17H00 : Solo tout niveau<br>17h30  &#8211; 19H00 : Lindy avanc\u00e9\/inter<br>19H00 &#8211; 21H00 : Ap\u00e9ro swing !!!<\/p>\n\n\n\n<div class=\"wp-container-7 wp-block-columns\">\n<div class=\"wp-container-6 wp-block-column\">\n<figure class=\"wp-block-image size-full\"><img loading=\"lazy\" width=\"640\" height=\"427\" src=\"https:\/\/yellowswing.fr\/wp-content\/uploads\/2025\/04\/NathMelo-c-Gauthier-Thypa.jpeg\" alt=\"\" class=\"wp-image-415\" srcset=\"https:\/\/yellowswing.fr\/wp-content\/uploads\/2025\/04\/NathMelo-c-Gauthier-Thypa.jpeg 640w, https:\/\/yellowswing.fr\/wp-content\/uploads\/2025\/04\/NathMelo-c-Gauthier-Thypa-300x200.jpeg 300w\" sizes=\"(max-width: 640px) 100vw, 640px\" \/><\/figure>\n<\/div>\n<\/div>\n<\/div>\n<\/div>\n\n\n\n<h3><strong>Les niveaux<\/strong><\/h3>\n\n\n\n<p><strong>D\u00e9butant<\/strong> : vous maitrisez le pas de base et quelques passes. Ce niveau est fait pour vous.<\/p>\n\n\n\n<p><strong>Inter<\/strong> : vous pratiquez le lindy hop depuis au moins un an et allez \u00e0 des pratiques ou des bal.<\/p>\n\n\n\n<p><strong>Avanc\u00e9<\/strong> : vous pratiquez depuis plusieurs ann\u00e9es de fa\u00e7on r\u00e9guli\u00e8re dans les bals, soir\u00e9es et festivals.<\/p>\n\n\n\n<p><em>Pour l&rsquo;initiation et le solo pas de niveau r\u00e9quis.<\/em><\/p>\n\n\n\n<div class=\"wp-container-11 wp-block-group\"><div class=\"wp-block-group__inner-container\">\n<div class=\"wp-container-10 is-horizontal is-content-justification-center wp-block-buttons\"><\/div>\n<\/div><\/div>\n\n\n\n<div class=\"wp-container-14 wp-block-columns\">\n<div class=\"wp-container-12 wp-block-column\">\n<figure class=\"wp-block-embed is-type-video is-provider-youtube wp-block-embed-youtube wp-embed-aspect-16-9 wp-has-aspect-ratio\"><div class=\"wp-block-embed__wrapper\">\n<iframe loading=\"lazy\" title=\"M\u00e9lodie &amp; Nathaniel dancing Lindy Hop to &quot;Tutti Frutti&quot; LIVE w\/ Elina Kard\u00e9n &amp; The Riff Tigers\" width=\"525\" height=\"295\" src=\"https:\/\/www.youtube.com\/embed\/AJUT4vW_I8c?start=41&#038;feature=oembed\" frameborder=\"0\" allow=\"accelerometer; autoplay; clipboard-write; encrypted-media; gyroscope; picture-in-picture; web-share\" referrerpolicy=\"strict-origin-when-cross-origin\" allowfullscreen><\/iframe>\n<\/div><\/figure>\n<\/div>\n\n\n\n<div class=\"wp-container-13 wp-block-column\">\n<figure class=\"wp-block-embed is-type-video is-provider-youtube wp-block-embed-youtube wp-embed-aspect-16-9 wp-has-aspect-ratio\"><div class=\"wp-block-embed__wrapper\">\n<iframe loading=\"lazy\" title=\"Nath &amp; M\u00e9lo - Teachers Demo Swing Eruption 2024\" width=\"525\" height=\"295\" src=\"https:\/\/www.youtube.com\/embed\/jTxh7qQKKgc?feature=oembed\" frameborder=\"0\" allow=\"accelerometer; autoplay; clipboard-write; encrypted-media; gyroscope; picture-in-picture; web-share\" referrerpolicy=\"strict-origin-when-cross-origin\" allowfullscreen><\/iframe>\n<\/div><\/figure>\n<\/div>\n<\/div>\n\n\n\n<div class=\"wp-container-15 wp-block-group\"><div class=\"wp-block-group__inner-container\"><\/div><\/div>\n\n\n\n<p><\/p>\n","protected":false},"excerpt":{"rendered":"<p>On a besoin de vous ! L\u2019asso tourne gr\u00e2ce \u00e0 vous, et chaque coup de main compte ! Pas d&rsquo;engagement au long terme, rejoignez l&rsquo; \u00e9quipe \u00ab\u00a0\u00e9v\u00e8nements\u00a0\u00bb pour participer de mani\u00e8re ponctuelle \u00e0 l\u2019organisation d&rsquo;un stage, d&rsquo;une soir\u00e9e ou d&rsquo;un concert cette ann\u00e9e -&gt; all\u00f4 Vivien yellowswing26@yellowswing26 \ud83d\udcc5 dimanche 5 avril 10:30 &gt; 21:00 \ud83d\udccdCrest&rsquo;actif, &hellip; <\/p>\n<p class=\"link-more\"><a href=\"https:\/\/yellowswing.fr\/?page_id=307\" class=\"more-link\">Continuer la lecture<span class=\"screen-reader-text\"> de &laquo;&nbsp;Nos \u00c9v\u00e9nements&nbsp;&raquo;<\/span><\/a><\/p>\n","protected":false},"author":1,"featured_media":0,"parent":0,"menu_order":0,"comment_status":"closed","ping_status":"closed","template":"","meta":{"om_disable_all_campaigns":false,"_monsterinsights_skip_tracking":false,"_monsterinsights_sitenote_active":false,"_monsterinsights_sitenote_note":"","_monsterinsights_sitenote_category":0},"aioseo_notices":[],"_links":{"self":[{"href":"https:\/\/yellowswing.fr\/index.php?rest_route=\/wp\/v2\/pages\/307"}],"collection":[{"href":"https:\/\/yellowswing.fr\/index.php?rest_route=\/wp\/v2\/pages"}],"about":[{"href":"https:\/\/yellowswing.fr\/index.php?rest_route=\/wp\/v2\/types\/page"}],"author":[{"embeddable":true,"href":"https:\/\/yellowswing.fr\/index.php?rest_route=\/wp\/v2\/users\/1"}],"replies":[{"embeddable":true,"href":"https:\/\/yellowswing.fr\/index.php?rest_route=%2Fwp%2Fv2%2Fcomments&post=307"}],"version-history":[{"count":54,"href":"https:\/\/yellowswing.fr\/index.php?rest_route=\/wp\/v2\/pages\/307\/revisions"}],"predecessor-version":[{"id":492,"href":"https:\/\/yellowswing.fr\/index.php?rest_route=\/wp\/v2\/pages\/307\/revisions\/492"}],"wp:attachment":[{"href":"https:\/\/yellowswing.fr\/index.php?rest_route=%2Fwp%2Fv2%2Fmedia&parent=307"}],"curies":[{"name":"wp","href":"https:\/\/api.w.org\/{rel}","templated":true}]}}